{"id":5454,"date":"2023-11-22T09:10:09","date_gmt":"2023-11-22T09:10:09","guid":{"rendered":"https:\/\/mastermedialab.com\/?page_id=5454"},"modified":"2023-11-22T09:10:09","modified_gmt":"2023-11-22T09:10:09","slug":"la-mome-groupe","status":"publish","type":"page","link":"https:\/\/mastermedialab.com\/fr\/our-references\/la-mome-groupe\/","title":{"rendered":"La Mome Groupe"},"content":{"rendered":"<div class=\"wpb-content-wrapper\"><div class=\"vc-row-container container\"><div class=\"vc_row wpb_row vc_row-fluid\"><div class=\"wpb_column vc_column_container vc_col-sm-6\"><div class=\"vc_column-inner\"><div class=\"wpb_wrapper\"><div class=\"section-title \">\n    <H1>La Mome Groupe<\/H1>\n<p>Objective : Creation of several videos for the group&#8217;s different restaurants.<\/p>\n<\/div><\/div><\/div><\/div><div class=\"wpb_column vc_column_container vc_col-sm-6\"><div class=\"vc_column-inner\"><div class=\"wpb_wrapper\">\n\t<div  class=\"wpb_single_image wpb_content_element vc_align_left wpb_content_element\">\n\t\t\n\t\t<figure class=\"wpb_wrapper vc_figure\">\n\t\t\t<div class=\"vc_single_image-wrapper   vc_box_border_grey\"><img decoding=\"async\" class=\"vc_single_image-img \" src=\"https:\/\/i0.wp.com\/mastermedialab.com\/wp-content\/uploads\/2022\/09\/la-mo\u0302me-cannes-master-media-lab-copy-200x100.jpg\" width=\"200\" height=\"100\" alt=\"la mo\u0302me cannes master media lab copy\" title=\"la mo\u0302me cannes master media lab copy\" loading=\"lazy\" \/><\/div>\n\t\t<\/figure>\n\t<\/div>\n<\/div><\/div><\/div><\/div><\/div><div class=\"vc-row-container container\"><div class=\"vc_row wpb_row vc_row-fluid\"><div class=\"wpb_column vc_column_container vc_col-sm-6\"><div class=\"vc_column-inner\"><div class=\"wpb_wrapper\">\n\t<div class=\"wpb_video_widget wpb_content_element vc_clearfix   vc_video-aspect-ratio-169 vc_video-el-width-100 vc_video-align-left\" >\n\t\t<div class=\"wpb_wrapper\">\n\t\t\t<h2 class=\"wpb_heading wpb_video_heading\">Restaurant Mido<\/h2>\n\t\t\t<div class=\"wpb_video_wrapper\"><span class=\"image-placeholder video\" style=\"padding-bottom:62.11180124%\"><video controls class=\"video-js-el vjs-default-skin vjs-minimal-skin\" width=\"500\" height=\"310.55900621118\" data-vsetup=\"{&quot;techOrder&quot;:[&quot;youtube&quot;],&quot;sources&quot;:[{&quot;type&quot;:&quot;video\\\/youtube&quot;,&quot;src&quot;:&quot;https:\\\/\\\/youtu.be\\\/ObneiXVN_go?si=gjsjGDenWJwTAn16&quot;}],&quot;youtube&quot;:{&quot;iv_load_policy&quot;:1,&quot;ytControls&quot;:3,&quot;customVars&quot;:{&quot;wmode&quot;:&quot;transparent&quot;,&quot;controls&quot;:0},&quot;enablePrivacyEnhancedMode&quot;:&quot;true&quot;}}\" preload=\"auto\" playsinline=\"playsinline\"><\/video><\/span><\/div>\n\t\t<\/div>\n\t<\/div>\n\n\t<div class=\"wpb_video_widget wpb_content_element vc_clearfix   vc_video-aspect-ratio-169 vc_video-el-width-100 vc_video-align-left\" >\n\t\t<div class=\"wpb_wrapper\">\n\t\t\t<h2 class=\"wpb_heading wpb_video_heading\">La M\u00f4me Plage - Festival de Cannes<\/h2>\n\t\t\t<div class=\"wpb_video_wrapper\"><span class=\"image-placeholder video\" style=\"padding-bottom:62.11180124%\"><video controls class=\"video-js-el vjs-default-skin vjs-minimal-skin\" width=\"500\" height=\"310.55900621118\" data-vsetup=\"{&quot;techOrder&quot;:[&quot;youtube&quot;],&quot;sources&quot;:[{&quot;type&quot;:&quot;video\\\/youtube&quot;,&quot;src&quot;:&quot;https:\\\/\\\/youtu.be\\\/7QI0f3hh0s4?si=bqpqyyb4OzKzuQ1M&quot;}],&quot;youtube&quot;:{&quot;iv_load_policy&quot;:1,&quot;ytControls&quot;:3,&quot;customVars&quot;:{&quot;wmode&quot;:&quot;transparent&quot;,&quot;controls&quot;:0},&quot;enablePrivacyEnhancedMode&quot;:&quot;true&quot;}}\" preload=\"auto\" playsinline=\"playsinline\"><\/video><\/span><\/div>\n\t\t<\/div>\n\t<\/div>\n\n\t<div class=\"wpb_video_widget wpb_content_element vc_clearfix   vc_video-aspect-ratio-169 vc_video-el-width-100 vc_video-align-left\" >\n\t\t<div class=\"wpb_wrapper\">\n\t\t\t<h2 class=\"wpb_heading wpb_video_heading\">Plage Priv\u00e9e La M\u00f4me<\/h2>\n\t\t\t<div class=\"wpb_video_wrapper\"><span class=\"image-placeholder video\" style=\"padding-bottom:62.11180124%\"><video controls class=\"video-js-el vjs-default-skin vjs-minimal-skin\" width=\"500\" height=\"310.55900621118\" data-vsetup=\"{&quot;techOrder&quot;:[&quot;youtube&quot;],&quot;sources&quot;:[{&quot;type&quot;:&quot;video\\\/youtube&quot;,&quot;src&quot;:&quot;https:\\\/\\\/youtu.be\\\/CwZ0Jwi-1mE?si=_NIxdRelJkYNDlOS&quot;}],&quot;youtube&quot;:{&quot;iv_load_policy&quot;:1,&quot;ytControls&quot;:3,&quot;customVars&quot;:{&quot;wmode&quot;:&quot;transparent&quot;,&quot;controls&quot;:0},&quot;enablePrivacyEnhancedMode&quot;:&quot;true&quot;}}\" preload=\"auto\" playsinline=\"playsinline\"><\/video><\/span><\/div>\n\t\t<\/div>\n\t<\/div>\n<\/div><\/div><\/div><div class=\"wpb_column vc_column_container vc_col-sm-6\"><div class=\"vc_column-inner\"><div class=\"wpb_wrapper\"><div id=\"scrollbox-761857\" class=\"lab-scroll-box   vc_custom_1700644011941\" data-height=\"492\">\n\t\n\t<div class=\"lab-scroll-box-content\" style=\"max-height: 492px;\">\n\t\t\n\t\t<\/p>\n<h3>The Results<\/h3>\n<p>The restaurants of the <strong>La Mome group<\/strong> are establishments located in Cannes and Monaco. They offer impeccable welcome and service, quality food, all in an elegant and relaxed atmosphere.<br \/>\nWe regularly produce <strong>videos and photos<\/strong> to communicate on social networks.<\/p>\n<p><a href=\"https:\/\/mastermedialab.com\/contact\/\">Interested in Videos ? Let&#8217;s get in touch.<\/a><\/p>\n\t\t\n\t<\/div>\n\t\n<\/div><div class=\"vc_empty_space\"   style=\"height: 32px\"><span class=\"vc_empty_space_inner\"><\/span><\/div><div class=\"section-title \">\n    <H1>Let&#039;s talk about your next project.<\/H1>\n<\/div><div class=\"lab-contact-form contact-form \">\n\n\t<form action=\"\" method=\"post\" class=\"contact-form\" id=\"el_69ea4470722c2\" data-alerts=\"0\" data-alerts-msg=\"Please fill &quot;%&quot; field.\" data-privacy-error-msg=\"You must check privacy policy checkbox in order to submit the form.\" novalidate>\n\n\t\t<div class=\"row\">\n\n    \t\t<div class=\"col-sm-6\">\n\t\t\t\t<div class=\"form-group labeled-input-row\">\n\t\t\t\t\t\t\t\t\t\t<label for=\"el_69ea4470722c2_name\">Name:<\/label>\n\t\t\t\t\t\t\t\t\t\t<input name=\"name\" id=\"el_69ea4470722c2_name\" type=\"text\" placeholder=\"\" data-label=\"Name\">\n\t\t\t\t<\/div>\n    \t\t<\/div>\n\n\t\t\t<div class=\"col-sm-6\">\n\t\t\t\t<div class=\"form-group labeled-input-row\">\n\t\t\t\t\t\t\t\t\t\t<label for=\"el_69ea4470722c2_email\">Email:<\/label>\n\t\t\t\t\t\t\t\t\t\t<input name=\"email\" id=\"el_69ea4470722c2_email\" type=\"email\" placeholder=\"\" data-label=\"Email\">\n\t\t\t\t<\/div>\n\t\t\t<\/div>\n\n\t\t\t\n\t\t\t<div class=\"col-sm-12\">\n\t\t\t\t<div class=\"form-group labeled-textarea-row\">\n\t\t\t\t\t\t\t\t\t\t<label for=\"el_69ea4470722c2_message\">Message:<\/label>\n\t\t\t\t\t\t\t\t\t\t<textarea name=\"message\" id=\"el_69ea4470722c2_message\" placeholder=\"\" data-label=\"Message\"><\/textarea>\n\t\t\t\t<\/div>\n\t\t\t<\/div>\n\n\t\t<\/div><!-- row -->\n\n\t\t\t\t\t<div class=\"form-group contact-form-recaptcha\">\n\n\t\t\t\t\n\t\t\t<\/div>\n\t\t\n\t\t\n\t\t<button type=\"submit\" name=\"send\" class=\"button\">\n\t\t\t<span class=\"pre-submit\">Send Message<\/span>\n\t\t\t<span class=\"success-msg\">Thank you #, message sent! <i class=\"flaticon-verification24\"><\/i><\/span>\n\t\t\t<span class=\"loading-bar\">\n\t\t\t\t<span><\/span>\n\t\t\t<\/span>\n\t\t<\/button>\n\n\t<\/form>\n\n<\/div><\/div><\/div><\/div><\/div><\/div><div class=\"vc-row-container container\"><div class=\"vc_row wpb_row vc_row-fluid\"><div class=\"wpb_column vc_column_container vc_col-sm-6\"><div class=\"vc_column-inner\"><div class=\"wpb_wrapper\"><\/div><\/div><\/div><div class=\"wpb_column vc_column_container vc_col-sm-6\"><div class=\"vc_column-inner\"><div class=\"wpb_wrapper\"><\/div><\/div><\/div><\/div><\/div><div class=\"vc-row-container container\"><div class=\"vc_row wpb_row vc_row-fluid\"><div class=\"wpb_column vc_column_container vc_col-sm-12\"><div class=\"vc_column-inner\"><div class=\"wpb_wrapper\"><\/div><\/div><\/div><\/div><\/div>\n<\/div>","protected":false},"excerpt":{"rendered":"La Mome Groupe Objective : Creation of several videos for the group's different restaurants. Restaurant Mido La M\u00f4me Plage - Festival de Cannes Plage Priv\u00e9e La M\u00f4me The Results The restaurants of the La Mome group are establishments located in Cannes and Monaco. They offer impeccable welcome and service, quality food, all in an elegant&hellip;","protected":false},"author":3,"featured_media":0,"parent":2222,"menu_order":0,"comment_status":"open","ping_status":"open","template":"","meta":{"_acf_changed":false,"nf_dc_page":"","footnotes":""},"class_list":["post-5454","page","type-page","status-publish","hentry"],"acf":[],"yoast_head":"<!-- This site is optimized with the Yoast SEO plugin v27.4 - https:\/\/yoast.com\/product\/yoast-seo-wordpress\/ -->\n<title>La Mome Groupe - Master Media Lab<\/title>\n<meta name=\"robots\" content=\"index, follow, max-snippet:-1, max-image-preview:large, max-video-preview:-1\" \/>\n<link rel=\"canonical\" href=\"https:\/\/mastermedialab.com\/fr\/our-references\/la-mome-groupe\/\" \/>\n<meta property=\"og:locale\" content=\"fr_FR\" \/>\n<meta property=\"og:type\" content=\"article\" \/>\n<meta property=\"og:title\" content=\"La Mome Groupe - Master Media Lab\" \/>\n<meta property=\"og:url\" content=\"https:\/\/mastermedialab.com\/fr\/our-references\/la-mome-groupe\/\" \/>\n<meta property=\"og:site_name\" content=\"Master Media Lab\" \/>\n<meta property=\"og:image\" content=\"https:\/\/i0.wp.com\/mastermedialab.com\/wp-content\/uploads\/2020\/01\/mml-facebook-thumbnail.jpg?fit=600%2C314&ssl=1\" \/>\n\t<meta property=\"og:image:width\" content=\"600\" \/>\n\t<meta property=\"og:image:height\" content=\"314\" \/>\n\t<meta property=\"og:image:type\" content=\"image\/jpeg\" \/>\n<meta name=\"twitter:card\" content=\"summary_large_image\" \/>\n<meta name=\"twitter:label1\" content=\"Dur\u00e9e de lecture estim\u00e9e\" \/>\n\t<meta name=\"twitter:data1\" content=\"1 minute\" \/>\n<script type=\"application\/ld+json\" class=\"yoast-schema-graph\">{\"@context\":\"https:\\\/\\\/schema.org\",\"@graph\":[{\"@type\":\"WebPage\",\"@id\":\"https:\\\/\\\/mastermedialab.com\\\/our-references\\\/la-mome-groupe\\\/\",\"url\":\"https:\\\/\\\/mastermedialab.com\\\/our-references\\\/la-mome-groupe\\\/\",\"name\":\"La Mome Groupe - Master Media Lab\",\"isPartOf\":{\"@id\":\"https:\\\/\\\/mastermedialab.com\\\/#website\"},\"datePublished\":\"2023-11-22T09:10:09+00:00\",\"breadcrumb\":{\"@id\":\"https:\\\/\\\/mastermedialab.com\\\/our-references\\\/la-mome-groupe\\\/#breadcrumb\"},\"inLanguage\":\"fr-FR\",\"potentialAction\":[{\"@type\":\"ReadAction\",\"target\":[\"https:\\\/\\\/mastermedialab.com\\\/our-references\\\/la-mome-groupe\\\/\"]}]},{\"@type\":\"BreadcrumbList\",\"@id\":\"https:\\\/\\\/mastermedialab.com\\\/our-references\\\/la-mome-groupe\\\/#breadcrumb\",\"itemListElement\":[{\"@type\":\"ListItem\",\"position\":1,\"name\":\"Home\",\"item\":\"https:\\\/\\\/mastermedialab.com\\\/\"},{\"@type\":\"ListItem\",\"position\":2,\"name\":\"Our References\",\"item\":\"https:\\\/\\\/mastermedialab.com\\\/our-references\\\/\"},{\"@type\":\"ListItem\",\"position\":3,\"name\":\"La Mome Groupe\"}]},{\"@type\":\"WebSite\",\"@id\":\"https:\\\/\\\/mastermedialab.com\\\/#website\",\"url\":\"https:\\\/\\\/mastermedialab.com\\\/\",\"name\":\"Master Media Lab\",\"description\":\"Sp\u00e9cialistes de la communication visuelle\",\"potentialAction\":[{\"@type\":\"SearchAction\",\"target\":{\"@type\":\"EntryPoint\",\"urlTemplate\":\"https:\\\/\\\/mastermedialab.com\\\/?s={search_term_string}\"},\"query-input\":{\"@type\":\"PropertyValueSpecification\",\"valueRequired\":true,\"valueName\":\"search_term_string\"}}],\"inLanguage\":\"fr-FR\"}]}<\/script>\n<!-- \/ Yoast SEO plugin. -->","yoast_head_json":{"title":"La Mome Groupe - Master Media Lab","robots":{"index":"index","follow":"follow","max-snippet":"max-snippet:-1","max-image-preview":"max-image-preview:large","max-video-preview":"max-video-preview:-1"},"canonical":"https:\/\/mastermedialab.com\/fr\/our-references\/la-mome-groupe\/","og_locale":"fr_FR","og_type":"article","og_title":"La Mome Groupe - Master Media Lab","og_url":"https:\/\/mastermedialab.com\/fr\/our-references\/la-mome-groupe\/","og_site_name":"Master Media Lab","og_image":[{"width":600,"height":314,"url":"https:\/\/i0.wp.com\/mastermedialab.com\/wp-content\/uploads\/2020\/01\/mml-facebook-thumbnail.jpg?fit=600%2C314&ssl=1","type":"image\/jpeg"}],"twitter_card":"summary_large_image","twitter_misc":{"Dur\u00e9e de lecture estim\u00e9e":"1 minute"},"schema":{"@context":"https:\/\/schema.org","@graph":[{"@type":"WebPage","@id":"https:\/\/mastermedialab.com\/our-references\/la-mome-groupe\/","url":"https:\/\/mastermedialab.com\/our-references\/la-mome-groupe\/","name":"La Mome Groupe - Master Media Lab","isPartOf":{"@id":"https:\/\/mastermedialab.com\/#website"},"datePublished":"2023-11-22T09:10:09+00:00","breadcrumb":{"@id":"https:\/\/mastermedialab.com\/our-references\/la-mome-groupe\/#breadcrumb"},"inLanguage":"fr-FR","potentialAction":[{"@type":"ReadAction","target":["https:\/\/mastermedialab.com\/our-references\/la-mome-groupe\/"]}]},{"@type":"BreadcrumbList","@id":"https:\/\/mastermedialab.com\/our-references\/la-mome-groupe\/#breadcrumb","itemListElement":[{"@type":"ListItem","position":1,"name":"Home","item":"https:\/\/mastermedialab.com\/"},{"@type":"ListItem","position":2,"name":"Our References","item":"https:\/\/mastermedialab.com\/our-references\/"},{"@type":"ListItem","position":3,"name":"La Mome Groupe"}]},{"@type":"WebSite","@id":"https:\/\/mastermedialab.com\/#website","url":"https:\/\/mastermedialab.com\/","name":"Master Media Lab","description":"Sp\u00e9cialistes de la communication visuelle","potentialAction":[{"@type":"SearchAction","target":{"@type":"EntryPoint","urlTemplate":"https:\/\/mastermedialab.com\/?s={search_term_string}"},"query-input":{"@type":"PropertyValueSpecification","valueRequired":true,"valueName":"search_term_string"}}],"inLanguage":"fr-FR"}]}},"jetpack_sharing_enabled":true,"_links":{"self":[{"href":"https:\/\/mastermedialab.com\/fr\/wp-json\/wp\/v2\/pages\/5454","targetHints":{"allow":["GET"]}}],"collection":[{"href":"https:\/\/mastermedialab.com\/fr\/wp-json\/wp\/v2\/pages"}],"about":[{"href":"https:\/\/mastermedialab.com\/fr\/wp-json\/wp\/v2\/types\/page"}],"author":[{"embeddable":true,"href":"https:\/\/mastermedialab.com\/fr\/wp-json\/wp\/v2\/users\/3"}],"replies":[{"embeddable":true,"href":"https:\/\/mastermedialab.com\/fr\/wp-json\/wp\/v2\/comments?post=5454"}],"version-history":[{"count":1,"href":"https:\/\/mastermedialab.com\/fr\/wp-json\/wp\/v2\/pages\/5454\/revisions"}],"predecessor-version":[{"id":5456,"href":"https:\/\/mastermedialab.com\/fr\/wp-json\/wp\/v2\/pages\/5454\/revisions\/5456"}],"up":[{"embeddable":true,"href":"https:\/\/mastermedialab.com\/fr\/wp-json\/wp\/v2\/pages\/2222"}],"wp:attachment":[{"href":"https:\/\/mastermedialab.com\/fr\/wp-json\/wp\/v2\/media?parent=5454"}],"curies":[{"name":"wp","href":"https:\/\/api.w.org\/{rel}","templated":true}]}}