{"id":5436,"date":"2023-11-13T13:44:40","date_gmt":"2023-11-13T13:44:40","guid":{"rendered":"https:\/\/mastermedialab.com\/?page_id=5436"},"modified":"2023-11-16T06:21:13","modified_gmt":"2023-11-16T06:21:13","slug":"hotel-premiere","status":"publish","type":"page","link":"https:\/\/mastermedialab.com\/fr\/our-references\/hotel-premiere\/","title":{"rendered":"Hotel Premi\u00e8re"},"content":{"rendered":"<div class=\"wpb-content-wrapper\"><div class=\"vc-row-container container\"><div class=\"vc_row wpb_row vc_row-fluid\"><div class=\"wpb_column vc_column_container vc_col-sm-6\"><div class=\"vc_column-inner\"><div class=\"wpb_wrapper\"><div class=\"section-title\">\n    <h1>Hotel Premi\u00e8re.<\/h1>\n<p>Objectif : Cr\u00e9er une visite virtuelle immersive<br \/>\nof the entire hotel.<\/p>\n<\/div><\/div><\/div><\/div><div class=\"wpb_column vc_column_container vc_col-sm-6\"><div class=\"vc_column-inner\"><div class=\"wpb_wrapper\">\n\t<div  class=\"wpb_single_image wpb_content_element vc_align_left wpb_content_element\">\n\t\t\n\t\t<figure class=\"wpb_wrapper vc_figure\">\n\t\t\t<div class=\"vc_single_image-wrapper   vc_box_border_grey\"><img decoding=\"async\" class=\"vc_single_image-img\" src=\"https:\/\/i0.wp.com\/mastermedialab.com\/wp-content\/uploads\/2022\/09\/Hotel-premiere-abano-master-media-lab-200x100.jpg\" width=\"200\" height=\"100\" alt=\"Hotel premiere abano master media lab\" title=\"Hotel premiere abano master media lab\" loading=\"lazy\" \/><\/div>\n\t\t<\/figure>\n\t<\/div>\n<\/div><\/div><\/div><\/div><\/div><div class=\"vc-row-container container\"><div class=\"vc_row wpb_row vc_row-fluid\"><div class=\"wpb_column vc_column_container vc_col-sm-6\"><div class=\"vc_column-inner\"><div class=\"wpb_wrapper\">\n\t<div class=\"wpb_raw_code wpb_raw_html wpb_content_element\" >\n\t\t<div class=\"wpb_wrapper\">\n\t\t\t<html>\n  <head>\n   <style>\n.matterport-showcase iframe{\n  min-height: 240px;\n  margin: 16px 0;\n  width: 100%; }\n\n@media screen and (min-width: 768px) {\n.matterport-showcase iframe {\n  min-height: 360px; }}\n\n@media screen and (min-width: 992px) {\n.matterport-showcase iframe {\n  height: 600px;\n  max-width: 1068px;\n  margin: 0 auto 15px; }}\n\n.matterport-showcase {\n  text-align: center;\n}\n   <\/style>\n  <\/head>\n  <body>\n    <div class=\"matterport-showcase\">\n     <iframe width='853' height='480' src='https:\/\/my.mastermedialab.com\/tour\/hotel-premiere' frameborder=\"0\" allowfullscreen allow='vr'><\/iframe>\n    <\/div>\n  <\/body>\n<\/html>\n\t\t<\/div>\n\t<\/div>\n<\/div><\/div><\/div><div class=\"wpb_column vc_column_container vc_col-sm-6\"><div class=\"vc_column-inner\"><div class=\"wpb_wrapper\"><div id=\"scrollbox-133626\" class=\"lab-scroll-box   vc_custom_1700115669671\" data-height=\"492\">\n\t\n\t<div class=\"lab-scroll-box-content\" style=\"max-height: 492px;\">\n\t\t\n\t\t<\/p>\n<h3>Les R\u00e9sultats<\/h3>\n<p>Ouvert en mai 2021, l'H\u00f4tel Premi\u00e8re \u00e0 Abano Terme (Italie) offre \u00e0 ses clients une atmosph\u00e8re luxueuse et de bien-\u00eatre grace \u00e0 son centre thermal (fangoth\u00e9rapie) et ses nombreuses piscines.<br \/>\nLes visites virtuelles ont permis aux clients de visualiser leur chambre \u00e0 l'avance avant m\u00eame d'arriver \u00e0 l'h\u00f4tel, ce qui a conduit \u00e0 moins de surprises inattendues et <strong>un taux de r\u00e9servation plus \u00e9lev\u00e9<\/strong>.<\/p>\n<p><a href=\"https:\/\/mastermedialab.com\/fr\/contact\/\">Int\u00e9ress\u00e9 par les visites virtuelles 360\u02da ? Allez commen\u00e7ons !<\/a><\/p>\n\t\t\n\t<\/div>\n\t\n<\/div><div class=\"vc_empty_space\"   style=\"height: 32px\"><span class=\"vc_empty_space_inner\"><\/span><\/div><div class=\"section-title\">\n    <h1>Parlons de votre prochain projet.<\/h1>\n<\/div><div class=\"lab-contact-form contact-form\">\n\n\t<form action=\"\" method=\"post\" class=\"contact-form\" id=\"el_69ea467a3ae9d\" data-alerts=\"0\" data-alerts-msg=\"Please fill &quot;%&quot; field.\" data-privacy-error-msg=\"You must check privacy policy checkbox in order to submit the form.\" novalidate data-trp-original-action=\"\">\n\n\t\t<div class=\"row\">\n\n    \t\t<div class=\"col-sm-6\">\n\t\t\t\t<div class=\"form-group labeled-input-row\">\n\t\t\t\t\t\t\t\t\t\t<label for=\"el_69ea467a3ae9d_name\">Pr\u00e9nom\/Nom :<\/label>\n\t\t\t\t\t\t\t\t\t\t<input name=\"name\" id=\"el_69ea467a3ae9d_name\" type=\"text\" placeholder=\"\" data-label=\"Name\">\n\t\t\t\t<\/div>\n    \t\t<\/div>\n\n\t\t\t<div class=\"col-sm-6\">\n\t\t\t\t<div class=\"form-group labeled-input-row\">\n\t\t\t\t\t\t\t\t\t\t<label for=\"el_69ea467a3ae9d_email\">Email :<\/label>\n\t\t\t\t\t\t\t\t\t\t<input name=\"email\" id=\"el_69ea467a3ae9d_email\" type=\"email\" placeholder=\"\" data-label=\"Email\">\n\t\t\t\t<\/div>\n\t\t\t<\/div>\n\n\t\t\t\n\t\t\t<div class=\"col-sm-12\">\n\t\t\t\t<div class=\"form-group labeled-textarea-row\">\n\t\t\t\t\t\t\t\t\t\t<label for=\"el_69ea467a3ae9d_message\">Votre Message :<\/label>\n\t\t\t\t\t\t\t\t\t\t<textarea name=\"message\" id=\"el_69ea467a3ae9d_message\" placeholder=\"\" data-label=\"Message\"><\/textarea>\n\t\t\t\t<\/div>\n\t\t\t<\/div>\n\n\t\t<\/div><!-- row -->\n\n\t\t\t\t\t<div class=\"form-group contact-form-recaptcha\">\n\n\t\t\t\t\n\t\t\t<\/div>\n\t\t\n\t\t\n\t\t<button type=\"submit\" name=\"send\" class=\"button\">\n\t\t\t<span class=\"pre-submit\">Envoyer<\/span>\n\t\t\t<span class=\"success-msg\">Merci #, message envoy\u00e9 ! <i class=\"flaticon-verification24\"><\/i><\/span>\n\t\t\t<span class=\"loading-bar\">\n\t\t\t\t<span><\/span>\n\t\t\t<\/span>\n\t\t<\/button>\n\n\t<input type=\"hidden\" name=\"trp-form-language\" value=\"fr\"\/><\/form>\n\n<\/div><\/div><\/div><\/div><\/div><\/div><div class=\"vc-row-container container\"><div class=\"vc_row wpb_row vc_row-fluid\"><div class=\"wpb_column vc_column_container vc_col-sm-12\"><div class=\"vc_column-inner\"><div class=\"wpb_wrapper\"><\/div><\/div><\/div><\/div><\/div>\n<\/div>","protected":false},"excerpt":{"rendered":"Hotel Premi\u00e8re. Objective : Create an immersive virtual visit of the entire hotel. The Results Opened in May 2021, the Premi\u00e8re Hotel in Abano Terme (Italy) offers its guests a luxurious and well-being atmosphere thanks to its thermal center (mud therapy) and its numerous swimming pools. The virtual tours has allowed clients to visualise their&hellip;","protected":false},"author":1,"featured_media":0,"parent":2222,"menu_order":0,"comment_status":"open","ping_status":"open","template":"","meta":{"_acf_changed":false,"nf_dc_page":"","footnotes":""},"class_list":["post-5436","page","type-page","status-publish","hentry"],"acf":[],"yoast_head":"<!-- This site is optimized with the Yoast SEO plugin v27.4 - https:\/\/yoast.com\/product\/yoast-seo-wordpress\/ -->\n<title>Hotel Premi\u00e8re - Master Media Lab<\/title>\n<meta name=\"robots\" content=\"index, follow, max-snippet:-1, max-image-preview:large, max-video-preview:-1\" \/>\n<link rel=\"canonical\" href=\"https:\/\/mastermedialab.com\/fr\/our-references\/hotel-premiere\/\" \/>\n<meta property=\"og:locale\" content=\"fr_FR\" \/>\n<meta property=\"og:type\" content=\"article\" \/>\n<meta property=\"og:title\" content=\"Hotel Premi\u00e8re - Master Media Lab\" \/>\n<meta property=\"og:url\" content=\"https:\/\/mastermedialab.com\/fr\/our-references\/hotel-premiere\/\" \/>\n<meta property=\"og:site_name\" content=\"Master Media Lab\" \/>\n<meta property=\"article:modified_time\" content=\"2023-11-16T06:21:13+00:00\" \/>\n<meta property=\"og:image\" content=\"https:\/\/i0.wp.com\/mastermedialab.com\/wp-content\/uploads\/2020\/01\/mml-facebook-thumbnail.jpg?fit=600%2C314&ssl=1\" \/>\n\t<meta property=\"og:image:width\" content=\"600\" \/>\n\t<meta property=\"og:image:height\" content=\"314\" \/>\n\t<meta property=\"og:image:type\" content=\"image\/jpeg\" \/>\n<meta name=\"twitter:card\" content=\"summary_large_image\" \/>\n<meta name=\"twitter:label1\" content=\"Dur\u00e9e de lecture estim\u00e9e\" \/>\n\t<meta name=\"twitter:data1\" content=\"1 minute\" \/>\n<script type=\"application\/ld+json\" class=\"yoast-schema-graph\">{\"@context\":\"https:\\\/\\\/schema.org\",\"@graph\":[{\"@type\":\"WebPage\",\"@id\":\"https:\\\/\\\/mastermedialab.com\\\/our-references\\\/hotel-premiere\\\/\",\"url\":\"https:\\\/\\\/mastermedialab.com\\\/our-references\\\/hotel-premiere\\\/\",\"name\":\"Hotel Premi\u00e8re - Master Media Lab\",\"isPartOf\":{\"@id\":\"https:\\\/\\\/mastermedialab.com\\\/#website\"},\"datePublished\":\"2023-11-13T13:44:40+00:00\",\"dateModified\":\"2023-11-16T06:21:13+00:00\",\"breadcrumb\":{\"@id\":\"https:\\\/\\\/mastermedialab.com\\\/our-references\\\/hotel-premiere\\\/#breadcrumb\"},\"inLanguage\":\"fr-FR\",\"potentialAction\":[{\"@type\":\"ReadAction\",\"target\":[\"https:\\\/\\\/mastermedialab.com\\\/our-references\\\/hotel-premiere\\\/\"]}]},{\"@type\":\"BreadcrumbList\",\"@id\":\"https:\\\/\\\/mastermedialab.com\\\/our-references\\\/hotel-premiere\\\/#breadcrumb\",\"itemListElement\":[{\"@type\":\"ListItem\",\"position\":1,\"name\":\"Home\",\"item\":\"https:\\\/\\\/mastermedialab.com\\\/\"},{\"@type\":\"ListItem\",\"position\":2,\"name\":\"Our References\",\"item\":\"https:\\\/\\\/mastermedialab.com\\\/our-references\\\/\"},{\"@type\":\"ListItem\",\"position\":3,\"name\":\"Hotel Premi\u00e8re\"}]},{\"@type\":\"WebSite\",\"@id\":\"https:\\\/\\\/mastermedialab.com\\\/#website\",\"url\":\"https:\\\/\\\/mastermedialab.com\\\/\",\"name\":\"Master Media Lab\",\"description\":\"Sp\u00e9cialistes de la communication visuelle\",\"potentialAction\":[{\"@type\":\"SearchAction\",\"target\":{\"@type\":\"EntryPoint\",\"urlTemplate\":\"https:\\\/\\\/mastermedialab.com\\\/?s={search_term_string}\"},\"query-input\":{\"@type\":\"PropertyValueSpecification\",\"valueRequired\":true,\"valueName\":\"search_term_string\"}}],\"inLanguage\":\"fr-FR\"}]}<\/script>\n<!-- \/ Yoast SEO plugin. -->","yoast_head_json":{"title":"Hotel Premi\u00e8re - Master Media Lab","robots":{"index":"index","follow":"follow","max-snippet":"max-snippet:-1","max-image-preview":"max-image-preview:large","max-video-preview":"max-video-preview:-1"},"canonical":"https:\/\/mastermedialab.com\/fr\/our-references\/hotel-premiere\/","og_locale":"fr_FR","og_type":"article","og_title":"Hotel Premi\u00e8re - Master Media Lab","og_url":"https:\/\/mastermedialab.com\/fr\/our-references\/hotel-premiere\/","og_site_name":"Master Media Lab","article_modified_time":"2023-11-16T06:21:13+00:00","og_image":[{"width":600,"height":314,"url":"https:\/\/i0.wp.com\/mastermedialab.com\/wp-content\/uploads\/2020\/01\/mml-facebook-thumbnail.jpg?fit=600%2C314&ssl=1","type":"image\/jpeg"}],"twitter_card":"summary_large_image","twitter_misc":{"Dur\u00e9e de lecture estim\u00e9e":"1 minute"},"schema":{"@context":"https:\/\/schema.org","@graph":[{"@type":"WebPage","@id":"https:\/\/mastermedialab.com\/our-references\/hotel-premiere\/","url":"https:\/\/mastermedialab.com\/our-references\/hotel-premiere\/","name":"Hotel Premi\u00e8re - Master Media Lab","isPartOf":{"@id":"https:\/\/mastermedialab.com\/#website"},"datePublished":"2023-11-13T13:44:40+00:00","dateModified":"2023-11-16T06:21:13+00:00","breadcrumb":{"@id":"https:\/\/mastermedialab.com\/our-references\/hotel-premiere\/#breadcrumb"},"inLanguage":"fr-FR","potentialAction":[{"@type":"ReadAction","target":["https:\/\/mastermedialab.com\/our-references\/hotel-premiere\/"]}]},{"@type":"BreadcrumbList","@id":"https:\/\/mastermedialab.com\/our-references\/hotel-premiere\/#breadcrumb","itemListElement":[{"@type":"ListItem","position":1,"name":"Home","item":"https:\/\/mastermedialab.com\/"},{"@type":"ListItem","position":2,"name":"Our References","item":"https:\/\/mastermedialab.com\/our-references\/"},{"@type":"ListItem","position":3,"name":"Hotel Premi\u00e8re"}]},{"@type":"WebSite","@id":"https:\/\/mastermedialab.com\/#website","url":"https:\/\/mastermedialab.com\/","name":"Master Media Lab","description":"Sp\u00e9cialistes de la communication visuelle","potentialAction":[{"@type":"SearchAction","target":{"@type":"EntryPoint","urlTemplate":"https:\/\/mastermedialab.com\/?s={search_term_string}"},"query-input":{"@type":"PropertyValueSpecification","valueRequired":true,"valueName":"search_term_string"}}],"inLanguage":"fr-FR"}]}},"jetpack_sharing_enabled":true,"_links":{"self":[{"href":"https:\/\/mastermedialab.com\/fr\/wp-json\/wp\/v2\/pages\/5436","targetHints":{"allow":["GET"]}}],"collection":[{"href":"https:\/\/mastermedialab.com\/fr\/wp-json\/wp\/v2\/pages"}],"about":[{"href":"https:\/\/mastermedialab.com\/fr\/wp-json\/wp\/v2\/types\/page"}],"author":[{"embeddable":true,"href":"https:\/\/mastermedialab.com\/fr\/wp-json\/wp\/v2\/users\/1"}],"replies":[{"embeddable":true,"href":"https:\/\/mastermedialab.com\/fr\/wp-json\/wp\/v2\/comments?post=5436"}],"version-history":[{"count":3,"href":"https:\/\/mastermedialab.com\/fr\/wp-json\/wp\/v2\/pages\/5436\/revisions"}],"predecessor-version":[{"id":5441,"href":"https:\/\/mastermedialab.com\/fr\/wp-json\/wp\/v2\/pages\/5436\/revisions\/5441"}],"up":[{"embeddable":true,"href":"https:\/\/mastermedialab.com\/fr\/wp-json\/wp\/v2\/pages\/2222"}],"wp:attachment":[{"href":"https:\/\/mastermedialab.com\/fr\/wp-json\/wp\/v2\/media?parent=5436"}],"curies":[{"name":"wp","href":"https:\/\/api.w.org\/{rel}","templated":true}]}}