{"id":4831,"date":"2020-04-22T12:46:45","date_gmt":"2020-04-22T12:46:45","guid":{"rendered":"https:\/\/mastermedialab.com\/?page_id=4831"},"modified":"2020-04-22T12:46:45","modified_gmt":"2020-04-22T12:46:45","slug":"hotel-sun-riviera","status":"publish","type":"page","link":"https:\/\/mastermedialab.com\/fr\/our-references\/hotel-sun-riviera\/","title":{"rendered":"H\u00f4tel Sun Riviera"},"content":{"rendered":"<div class=\"wpb-content-wrapper\"><div class=\"vc-row-container container\"><div class=\"vc_row wpb_row vc_row-fluid\"><div class=\"wpb_column vc_column_container vc_col-sm-6\"><div class=\"vc_column-inner\"><div class=\"wpb_wrapper\"><div class=\"section-title\">\n    <h1>H\u00f4tel Sun Riviera.<\/h1>\n<p>Objectif: Cr\u00e9er une vari\u00e9t\u00e9 de contenus, y compris un site web,<br \/>\nvisite virtuelle, graphisme et photographie.<\/p>\n<\/div><\/div><\/div><\/div><div class=\"wpb_column vc_column_container vc_col-sm-6\"><div class=\"vc_column-inner\"><div class=\"wpb_wrapper\">\n\t<div  class=\"wpb_single_image wpb_content_element vc_align_left wpb_content_element\">\n\t\t\n\t\t<figure class=\"wpb_wrapper vc_figure\">\n\t\t\t<div class=\"vc_single_image-wrapper   vc_box_border_grey\"><img decoding=\"async\" class=\"vc_single_image-img\" src=\"https:\/\/i0.wp.com\/mastermedialab.com\/wp-content\/uploads\/2019\/12\/sun-riviera-hotel-logo-master-media-lab-200x100.jpg\" width=\"200\" height=\"100\" alt=\"sun riviera hotel logo master media lab\" title=\"sun riviera hotel logo master media lab\" loading=\"lazy\" \/><\/div>\n\t\t<\/figure>\n\t<\/div>\n<\/div><\/div><\/div><\/div><\/div><div class=\"vc-row-container container\"><div class=\"vc_row wpb_row vc_row-fluid\"><div class=\"wpb_column vc_column_container vc_col-sm-6\"><div class=\"vc_column-inner\"><div class=\"wpb_wrapper\">\n\t<div class=\"wpb_raw_code wpb_raw_html wpb_content_element\" >\n\t\t<div class=\"wpb_wrapper\">\n\t\t\t<html>\n  <head>\n   <style>\n.matterport-showcase iframe{\n  min-height: 240px;\n  margin: 16px 0;\n  width: 100%; }\n\n@media screen and (min-width: 768px) {\n.matterport-showcase iframe {\n  min-height: 360px; }}\n\n@media screen and (min-width: 992px) {\n.matterport-showcase iframe {\n  height: 600px;\n  max-width: 1068px;\n  margin: 0 auto 15px; }}\n\n.matterport-showcase {\n  text-align: center;\n}\n   <\/style>\n  <\/head>\n  <body>\n    <div class=\"matterport-showcase\">\n     <iframe width='853' height='480' src='https:\/\/my.matterport.com\/show\/?m=1gc7Ag4mxkm&fbclid=IwAR3-7tJkONmgwg-ZxZ_z1rR6ou3UuViCDaSmXg7PXoUlLu2kxtgx2_5isfY' frameborder=\"0\" allowfullscreen allow='vr'><\/iframe>\n    <\/div>\n  <\/body>\n<\/html>\n\t\t<\/div>\n\t<\/div>\n\n\t<div class=\"wpb_text_column wpb_content_element post-formatting\" >\n\t\t<div class=\"wpb_wrapper\">\n\t\t\t<div class=\"epyt-video-wrapper\"><iframe loading=\"lazy\"  id=\"_ytid_31651\"  width=\"945\" height=\"532\"  data-origwidth=\"945\" data-origheight=\"532\" src=\"https:\/\/www.youtube.com\/embed\/e1qkr9xqrgw?enablejsapi=1&autoplay=0&cc_load_policy=0&cc_lang_pref=&iv_load_policy=1&loop=1&playlist=e1qkr9xqrgw&rel=-1&fs=1&playsinline=1&autohide=2&theme=dark&color=red&controls=1&disablekb=0&\" class=\"__youtube_prefs__  no-lazyload\" data-vol=\"0\"  data-epautoplay=\"1\"  title=\"YouTube player\"  allow=\"fullscreen; accelerometer; autoplay; clipboard-write; encrypted-media; gyroscope; picture-in-picture; web-share\" referrerpolicy=\"strict-origin-when-cross-origin\" allowfullscreen data-no-lazy=\"1\" data-skipgform_ajax_framebjll=\"\"><\/iframe><\/div>\n\n\t\t<\/div>\n\t<\/div>\n<\/div><\/div><\/div><div class=\"wpb_column vc_column_container vc_col-sm-6\"><div class=\"vc_column-inner\"><div class=\"wpb_wrapper\"><div id=\"scrollbox-224400\" class=\"lab-scroll-box   vc_custom_1587559521115\" data-height=\"492\">\n\t\n\t<div class=\"lab-scroll-box-content\" style=\"max-height: 492px;\">\n\t\t\n\t\t<\/p>\n<h3>Les R\u00e9sultats<\/h3>\n<p><strong>H\u00f4tel Sun Riviera<\/strong> is recognized as one of the most active hotels in Cannes in terms of communication. The website receives <strong>over 300,000 visits<\/strong> per year.<\/p>\n<p><a href=\"https:\/\/mastermedialab.com\/fr\/contact\/\">Int\u00e9ress\u00e9 par les Packages ? Allez commen\u00e7ons !<\/a><\/p>\n<p><a href=\"https:\/\/www.sun-riviera.com\/\">Visitez le site web de l\u2019H\u00f4tel Sun Riviera<\/a><\/p>\n\t\t\n\t<\/div>\n\t\n<\/div><div class=\"vc_empty_space\"   style=\"height: 32px\"><span class=\"vc_empty_space_inner\"><\/span><\/div><div class=\"section-title\">\n    <h1>Parlons de votre prochain projet.<\/h1>\n<\/div><div class=\"lab-contact-form contact-form\">\n\n\t<form action=\"\" method=\"post\" class=\"contact-form\" id=\"el_69ea46465d375\" data-alerts=\"0\" data-alerts-msg=\"Please fill &quot;%&quot; field.\" data-privacy-error-msg=\"You must check privacy policy checkbox in order to submit the form.\" novalidate data-trp-original-action=\"\">\n\n\t\t<div class=\"row\">\n\n    \t\t<div class=\"col-sm-6\">\n\t\t\t\t<div class=\"form-group labeled-input-row\">\n\t\t\t\t\t\t\t\t\t\t<label for=\"el_69ea46465d375_name\">Pr\u00e9nom\/Nom :<\/label>\n\t\t\t\t\t\t\t\t\t\t<input name=\"name\" id=\"el_69ea46465d375_name\" type=\"text\" placeholder=\"\" data-label=\"Name\">\n\t\t\t\t<\/div>\n    \t\t<\/div>\n\n\t\t\t<div class=\"col-sm-6\">\n\t\t\t\t<div class=\"form-group labeled-input-row\">\n\t\t\t\t\t\t\t\t\t\t<label for=\"el_69ea46465d375_email\">Email :<\/label>\n\t\t\t\t\t\t\t\t\t\t<input name=\"email\" id=\"el_69ea46465d375_email\" type=\"email\" placeholder=\"\" data-label=\"Email\">\n\t\t\t\t<\/div>\n\t\t\t<\/div>\n\n\t\t\t\n\t\t\t<div class=\"col-sm-12\">\n\t\t\t\t<div class=\"form-group labeled-textarea-row\">\n\t\t\t\t\t\t\t\t\t\t<label for=\"el_69ea46465d375_message\">Votre Message :<\/label>\n\t\t\t\t\t\t\t\t\t\t<textarea name=\"message\" id=\"el_69ea46465d375_message\" placeholder=\"\" data-label=\"Message\"><\/textarea>\n\t\t\t\t<\/div>\n\t\t\t<\/div>\n\n\t\t<\/div><!-- row -->\n\n\t\t\t\t\t<div class=\"form-group contact-form-recaptcha\">\n\n\t\t\t\t\n\t\t\t<\/div>\n\t\t\n\t\t\n\t\t<button type=\"submit\" name=\"send\" class=\"button\">\n\t\t\t<span class=\"pre-submit\">Envoyer<\/span>\n\t\t\t<span class=\"success-msg\">Merci #, message envoy\u00e9 ! <i class=\"flaticon-verification24\"><\/i><\/span>\n\t\t\t<span class=\"loading-bar\">\n\t\t\t\t<span><\/span>\n\t\t\t<\/span>\n\t\t<\/button>\n\n\t<input type=\"hidden\" name=\"trp-form-language\" value=\"fr\"\/><\/form>\n\n<\/div><\/div><\/div><\/div><\/div><\/div><div class=\"vc-row-container container\"><div class=\"vc_row wpb_row vc_row-fluid\"><div class=\"wpb_column vc_column_container vc_col-sm-6\"><div class=\"vc_column-inner\"><div class=\"wpb_wrapper\"><\/div><\/div><\/div><div class=\"wpb_column vc_column_container vc_col-sm-6\"><div class=\"vc_column-inner\"><div class=\"wpb_wrapper\"><\/div><\/div><\/div><\/div><\/div><div class=\"vc-row-container container\"><div class=\"vc_row wpb_row vc_row-fluid\"><div class=\"wpb_column vc_column_container vc_col-sm-12\"><div class=\"vc_column-inner\"><div class=\"wpb_wrapper\"><\/div><\/div><\/div><\/div><\/div>\n<\/div>","protected":false},"excerpt":{"rendered":"H\u00f4tel Sun Riviera. Objective : Create a variety of content including a website, virtual visit, graphic design, and photography. The Results H\u00f4tel Sun Riviera is recognized as one of the most active hotels in Cannes in terms of communication. The website receives over 300,000 visits per year. Interested in Content Packages ? Let&#8217;s get in&hellip;","protected":false},"author":1,"featured_media":0,"parent":2222,"menu_order":0,"comment_status":"open","ping_status":"open","template":"","meta":{"_acf_changed":false,"nf_dc_page":"","footnotes":""},"class_list":["post-4831","page","type-page","status-publish","hentry"],"acf":[],"yoast_head":"<!-- This site is optimized with the Yoast SEO plugin v27.4 - https:\/\/yoast.com\/product\/yoast-seo-wordpress\/ -->\n<title>H\u00f4tel Sun Riviera - Master Media Lab<\/title>\n<meta name=\"robots\" content=\"index, follow, max-snippet:-1, max-image-preview:large, max-video-preview:-1\" \/>\n<link rel=\"canonical\" href=\"https:\/\/mastermedialab.com\/fr\/our-references\/hotel-sun-riviera\/\" \/>\n<meta property=\"og:locale\" content=\"fr_FR\" \/>\n<meta property=\"og:type\" content=\"article\" \/>\n<meta property=\"og:title\" content=\"H\u00f4tel Sun Riviera - Master Media Lab\" \/>\n<meta property=\"og:url\" content=\"https:\/\/mastermedialab.com\/fr\/our-references\/hotel-sun-riviera\/\" \/>\n<meta property=\"og:site_name\" content=\"Master Media Lab\" \/>\n<meta property=\"og:image\" content=\"https:\/\/i0.wp.com\/mastermedialab.com\/wp-content\/uploads\/2020\/01\/mml-facebook-thumbnail.jpg?fit=600%2C314&ssl=1\" \/>\n\t<meta property=\"og:image:width\" content=\"600\" \/>\n\t<meta property=\"og:image:height\" content=\"314\" \/>\n\t<meta property=\"og:image:type\" content=\"image\/jpeg\" \/>\n<meta name=\"twitter:card\" content=\"summary_large_image\" \/>\n<meta name=\"twitter:label1\" content=\"Dur\u00e9e de lecture estim\u00e9e\" \/>\n\t<meta name=\"twitter:data1\" content=\"2 minutes\" \/>\n<script type=\"application\/ld+json\" class=\"yoast-schema-graph\">{\"@context\":\"https:\\\/\\\/schema.org\",\"@graph\":[{\"@type\":\"WebPage\",\"@id\":\"https:\\\/\\\/mastermedialab.com\\\/fr\\\/our-references\\\/hotel-sun-riviera\\\/\",\"url\":\"https:\\\/\\\/mastermedialab.com\\\/fr\\\/our-references\\\/hotel-sun-riviera\\\/\",\"name\":\"H\u00f4tel Sun Riviera - Master Media Lab\",\"isPartOf\":{\"@id\":\"https:\\\/\\\/mastermedialab.com\\\/#website\"},\"datePublished\":\"2020-04-22T12:46:45+00:00\",\"breadcrumb\":{\"@id\":\"https:\\\/\\\/mastermedialab.com\\\/fr\\\/our-references\\\/hotel-sun-riviera\\\/#breadcrumb\"},\"inLanguage\":\"fr-FR\",\"potentialAction\":[{\"@type\":\"ReadAction\",\"target\":[\"https:\\\/\\\/mastermedialab.com\\\/fr\\\/our-references\\\/hotel-sun-riviera\\\/\"]}]},{\"@type\":\"BreadcrumbList\",\"@id\":\"https:\\\/\\\/mastermedialab.com\\\/fr\\\/our-references\\\/hotel-sun-riviera\\\/#breadcrumb\",\"itemListElement\":[{\"@type\":\"ListItem\",\"position\":1,\"name\":\"Home\",\"item\":\"https:\\\/\\\/mastermedialab.com\\\/\"},{\"@type\":\"ListItem\",\"position\":2,\"name\":\"Our References\",\"item\":\"https:\\\/\\\/mastermedialab.com\\\/our-references\\\/\"},{\"@type\":\"ListItem\",\"position\":3,\"name\":\"H\u00f4tel Sun Riviera\"}]},{\"@type\":\"WebSite\",\"@id\":\"https:\\\/\\\/mastermedialab.com\\\/#website\",\"url\":\"https:\\\/\\\/mastermedialab.com\\\/\",\"name\":\"Master Media Lab\",\"description\":\"Sp\u00e9cialistes de la communication visuelle\",\"potentialAction\":[{\"@type\":\"SearchAction\",\"target\":{\"@type\":\"EntryPoint\",\"urlTemplate\":\"https:\\\/\\\/mastermedialab.com\\\/?s={search_term_string}\"},\"query-input\":{\"@type\":\"PropertyValueSpecification\",\"valueRequired\":true,\"valueName\":\"search_term_string\"}}],\"inLanguage\":\"fr-FR\"}]}<\/script>\n<!-- \/ Yoast SEO plugin. -->","yoast_head_json":{"title":"H\u00f4tel Sun Riviera - Master Media Lab","robots":{"index":"index","follow":"follow","max-snippet":"max-snippet:-1","max-image-preview":"max-image-preview:large","max-video-preview":"max-video-preview:-1"},"canonical":"https:\/\/mastermedialab.com\/fr\/our-references\/hotel-sun-riviera\/","og_locale":"fr_FR","og_type":"article","og_title":"H\u00f4tel Sun Riviera - Master Media Lab","og_url":"https:\/\/mastermedialab.com\/fr\/our-references\/hotel-sun-riviera\/","og_site_name":"Master Media Lab","og_image":[{"width":600,"height":314,"url":"https:\/\/i0.wp.com\/mastermedialab.com\/wp-content\/uploads\/2020\/01\/mml-facebook-thumbnail.jpg?fit=600%2C314&ssl=1","type":"image\/jpeg"}],"twitter_card":"summary_large_image","twitter_misc":{"Dur\u00e9e de lecture estim\u00e9e":"2 minutes"},"schema":{"@context":"https:\/\/schema.org","@graph":[{"@type":"WebPage","@id":"https:\/\/mastermedialab.com\/fr\/our-references\/hotel-sun-riviera\/","url":"https:\/\/mastermedialab.com\/fr\/our-references\/hotel-sun-riviera\/","name":"H\u00f4tel Sun Riviera - Master Media Lab","isPartOf":{"@id":"https:\/\/mastermedialab.com\/#website"},"datePublished":"2020-04-22T12:46:45+00:00","breadcrumb":{"@id":"https:\/\/mastermedialab.com\/fr\/our-references\/hotel-sun-riviera\/#breadcrumb"},"inLanguage":"fr-FR","potentialAction":[{"@type":"ReadAction","target":["https:\/\/mastermedialab.com\/fr\/our-references\/hotel-sun-riviera\/"]}]},{"@type":"BreadcrumbList","@id":"https:\/\/mastermedialab.com\/fr\/our-references\/hotel-sun-riviera\/#breadcrumb","itemListElement":[{"@type":"ListItem","position":1,"name":"Home","item":"https:\/\/mastermedialab.com\/"},{"@type":"ListItem","position":2,"name":"Our References","item":"https:\/\/mastermedialab.com\/our-references\/"},{"@type":"ListItem","position":3,"name":"H\u00f4tel Sun Riviera"}]},{"@type":"WebSite","@id":"https:\/\/mastermedialab.com\/#website","url":"https:\/\/mastermedialab.com\/","name":"Master Media Lab","description":"Sp\u00e9cialistes de la communication visuelle","potentialAction":[{"@type":"SearchAction","target":{"@type":"EntryPoint","urlTemplate":"https:\/\/mastermedialab.com\/?s={search_term_string}"},"query-input":{"@type":"PropertyValueSpecification","valueRequired":true,"valueName":"search_term_string"}}],"inLanguage":"fr-FR"}]}},"jetpack_sharing_enabled":true,"_links":{"self":[{"href":"https:\/\/mastermedialab.com\/fr\/wp-json\/wp\/v2\/pages\/4831","targetHints":{"allow":["GET"]}}],"collection":[{"href":"https:\/\/mastermedialab.com\/fr\/wp-json\/wp\/v2\/pages"}],"about":[{"href":"https:\/\/mastermedialab.com\/fr\/wp-json\/wp\/v2\/types\/page"}],"author":[{"embeddable":true,"href":"https:\/\/mastermedialab.com\/fr\/wp-json\/wp\/v2\/users\/1"}],"replies":[{"embeddable":true,"href":"https:\/\/mastermedialab.com\/fr\/wp-json\/wp\/v2\/comments?post=4831"}],"version-history":[{"count":2,"href":"https:\/\/mastermedialab.com\/fr\/wp-json\/wp\/v2\/pages\/4831\/revisions"}],"predecessor-version":[{"id":4835,"href":"https:\/\/mastermedialab.com\/fr\/wp-json\/wp\/v2\/pages\/4831\/revisions\/4835"}],"up":[{"embeddable":true,"href":"https:\/\/mastermedialab.com\/fr\/wp-json\/wp\/v2\/pages\/2222"}],"wp:attachment":[{"href":"https:\/\/mastermedialab.com\/fr\/wp-json\/wp\/v2\/media?parent=4831"}],"curies":[{"name":"wp","href":"https:\/\/api.w.org\/{rel}","templated":true}]}}