{"id":4765,"date":"2020-04-22T08:46:20","date_gmt":"2020-04-22T08:46:20","guid":{"rendered":"https:\/\/mastermedialab.com\/?page_id=4765"},"modified":"2020-04-22T08:59:20","modified_gmt":"2020-04-22T08:59:20","slug":"casteu-trophy","status":"publish","type":"page","link":"https:\/\/mastermedialab.com\/fr\/our-references\/casteu-trophy\/","title":{"rendered":"Casteu Trophy"},"content":{"rendered":"<div class=\"wpb-content-wrapper\"><div class=\"vc-row-container container\"><div class=\"vc_row wpb_row vc_row-fluid\"><div class=\"wpb_column vc_column_container vc_col-sm-6\"><div class=\"vc_column-inner\"><div class=\"wpb_wrapper\"><div class=\"section-title\">\n    <h1>Casteu Trophy.<\/h1>\n<p>Objectif: Photographier et filmer la premi\u00e8re \u00e9dition<br \/>\ndu Casteu Trophy \u00e0 Erfoud, Maroc.<\/p>\n<\/div><\/div><\/div><\/div><div class=\"wpb_column vc_column_container vc_col-sm-6\"><div class=\"vc_column-inner\"><div class=\"wpb_wrapper\">\n\t<div  class=\"wpb_single_image wpb_content_element vc_align_left wpb_content_element\">\n\t\t\n\t\t<figure class=\"wpb_wrapper vc_figure\">\n\t\t\t<div class=\"vc_single_image-wrapper   vc_box_border_grey\"><img decoding=\"async\" class=\"vc_single_image-img\" src=\"https:\/\/i0.wp.com\/mastermedialab.com\/wp-content\/uploads\/2020\/01\/casteu-trophy-logo-200x100.jpg\" width=\"200\" height=\"100\" alt=\"casteu trophy logo\" title=\"casteu trophy logo\" loading=\"lazy\" \/><\/div>\n\t\t<\/figure>\n\t<\/div>\n<\/div><\/div><\/div><\/div><\/div><div class=\"vc-row-container container\"><div class=\"vc_row wpb_row vc_row-fluid\"><div class=\"wpb_column vc_column_container vc_col-sm-6\"><div class=\"vc_column-inner\"><div class=\"wpb_wrapper\"><div class=\"wpb_images_carousel wpb_content_element vc_clearfix wpb_content_element\"><div class=\"wpb_wrapper\"><div id=\"vc_images-carousel-1-1776961102\" data-ride=\"vc_carousel\" data-wrap=\"true\" style=\"width: 100%;\" data-interval=\"3000\" data-auto-height=\"yes\" data-mode=\"horizontal\" data-partial=\"false\" data-per-view=\"1\" data-hide-on-end=\"false\" class=\"vc_slide vc_images_carousel\"><ol class=\"vc_carousel-indicators\"><li data-target=\"#vc_images-carousel-1-1776961102\" data-slide-to=\"0\"><\/li><li data-target=\"#vc_images-carousel-1-1776961102\" data-slide-to=\"1\"><\/li><li data-target=\"#vc_images-carousel-1-1776961102\" data-slide-to=\"2\"><\/li><li data-target=\"#vc_images-carousel-1-1776961102\" data-slide-to=\"3\"><\/li><li data-target=\"#vc_images-carousel-1-1776961102\" data-slide-to=\"4\"><\/li><\/ol><div class=\"vc_carousel-inner\"><div class=\"vc_carousel-slideline\"><div class=\"vc_carousel-slideline-inner\"><div class=\"vc_item\"><div class=\"vc_inner\"><img loading=\"lazy\" decoding=\"async\" width=\"1920\" height=\"1080\" src=\"https:\/\/i0.wp.com\/mastermedialab.com\/wp-content\/uploads\/2020\/04\/Casteu-trophy-4-master-media-lab.jpg?fit=1920%2C1080&amp;ssl=1\" class=\"attachment-full\" alt=\"\" title=\"Casteu trophy 4 - master media lab\" srcset=\"https:\/\/i0.wp.com\/mastermedialab.com\/wp-content\/uploads\/2020\/04\/Casteu-trophy-4-master-media-lab.jpg?w=1920&amp;ssl=1 1920w, https:\/\/i0.wp.com\/mastermedialab.com\/wp-content\/uploads\/2020\/04\/Casteu-trophy-4-master-media-lab.jpg?resize=300%2C169&amp;ssl=1 300w, https:\/\/i0.wp.com\/mastermedialab.com\/wp-content\/uploads\/2020\/04\/Casteu-trophy-4-master-media-lab.jpg?resize=1024%2C576&amp;ssl=1 1024w, https:\/\/i0.wp.com\/mastermedialab.com\/wp-content\/uploads\/2020\/04\/Casteu-trophy-4-master-media-lab.jpg?resize=768%2C432&amp;ssl=1 768w, https:\/\/i0.wp.com\/mastermedialab.com\/wp-content\/uploads\/2020\/04\/Casteu-trophy-4-master-media-lab.jpg?resize=1536%2C864&amp;ssl=1 1536w, https:\/\/i0.wp.com\/mastermedialab.com\/wp-content\/uploads\/2020\/04\/Casteu-trophy-4-master-media-lab.jpg?resize=1612%2C907&amp;ssl=1 1612w, https:\/\/i0.wp.com\/mastermedialab.com\/wp-content\/uploads\/2020\/04\/Casteu-trophy-4-master-media-lab.jpg?resize=1116%2C628&amp;ssl=1 1116w, https:\/\/i0.wp.com\/mastermedialab.com\/wp-content\/uploads\/2020\/04\/Casteu-trophy-4-master-media-lab.jpg?resize=806%2C453&amp;ssl=1 806w, https:\/\/i0.wp.com\/mastermedialab.com\/wp-content\/uploads\/2020\/04\/Casteu-trophy-4-master-media-lab.jpg?resize=558%2C314&amp;ssl=1 558w, https:\/\/i0.wp.com\/mastermedialab.com\/wp-content\/uploads\/2020\/04\/Casteu-trophy-4-master-media-lab.jpg?resize=655%2C368&amp;ssl=1 655w, https:\/\/i0.wp.com\/mastermedialab.com\/wp-content\/uploads\/2020\/04\/Casteu-trophy-4-master-media-lab.jpg?resize=820%2C461&amp;ssl=1 820w\" sizes=\"auto, (max-width: 945px) 100vw, 945px\" \/><\/div><\/div><div class=\"vc_item\"><div class=\"vc_inner\"><img loading=\"lazy\" decoding=\"async\" width=\"1920\" height=\"1080\" src=\"https:\/\/i0.wp.com\/mastermedialab.com\/wp-content\/uploads\/2020\/04\/Casteu-Trophy-6-master-media-lab.jpg?fit=1920%2C1080&amp;ssl=1\" class=\"attachment-full\" alt=\"\" title=\"Casteu Trophy 6 - master media lab\" srcset=\"https:\/\/i0.wp.com\/mastermedialab.com\/wp-content\/uploads\/2020\/04\/Casteu-Trophy-6-master-media-lab.jpg?w=1920&amp;ssl=1 1920w, https:\/\/i0.wp.com\/mastermedialab.com\/wp-content\/uploads\/2020\/04\/Casteu-Trophy-6-master-media-lab.jpg?resize=300%2C169&amp;ssl=1 300w, https:\/\/i0.wp.com\/mastermedialab.com\/wp-content\/uploads\/2020\/04\/Casteu-Trophy-6-master-media-lab.jpg?resize=1024%2C576&amp;ssl=1 1024w, https:\/\/i0.wp.com\/mastermedialab.com\/wp-content\/uploads\/2020\/04\/Casteu-Trophy-6-master-media-lab.jpg?resize=768%2C432&amp;ssl=1 768w, https:\/\/i0.wp.com\/mastermedialab.com\/wp-content\/uploads\/2020\/04\/Casteu-Trophy-6-master-media-lab.jpg?resize=1536%2C864&amp;ssl=1 1536w, https:\/\/i0.wp.com\/mastermedialab.com\/wp-content\/uploads\/2020\/04\/Casteu-Trophy-6-master-media-lab.jpg?resize=1612%2C907&amp;ssl=1 1612w, https:\/\/i0.wp.com\/mastermedialab.com\/wp-content\/uploads\/2020\/04\/Casteu-Trophy-6-master-media-lab.jpg?resize=1116%2C628&amp;ssl=1 1116w, https:\/\/i0.wp.com\/mastermedialab.com\/wp-content\/uploads\/2020\/04\/Casteu-Trophy-6-master-media-lab.jpg?resize=806%2C453&amp;ssl=1 806w, https:\/\/i0.wp.com\/mastermedialab.com\/wp-content\/uploads\/2020\/04\/Casteu-Trophy-6-master-media-lab.jpg?resize=558%2C314&amp;ssl=1 558w, https:\/\/i0.wp.com\/mastermedialab.com\/wp-content\/uploads\/2020\/04\/Casteu-Trophy-6-master-media-lab.jpg?resize=655%2C368&amp;ssl=1 655w, https:\/\/i0.wp.com\/mastermedialab.com\/wp-content\/uploads\/2020\/04\/Casteu-Trophy-6-master-media-lab.jpg?resize=820%2C461&amp;ssl=1 820w\" sizes=\"auto, (max-width: 945px) 100vw, 945px\" \/><\/div><\/div><div class=\"vc_item\"><div class=\"vc_inner\"><img loading=\"lazy\" decoding=\"async\" width=\"1920\" height=\"1080\" src=\"https:\/\/i0.wp.com\/mastermedialab.com\/wp-content\/uploads\/2020\/04\/Casteu-Trophy-master-media-lab.jpg?fit=1920%2C1080&amp;ssl=1\" class=\"attachment-full\" alt=\"\" title=\"Casteu Trophy - master media lab\" srcset=\"https:\/\/i0.wp.com\/mastermedialab.com\/wp-content\/uploads\/2020\/04\/Casteu-Trophy-master-media-lab.jpg?w=1920&amp;ssl=1 1920w, https:\/\/i0.wp.com\/mastermedialab.com\/wp-content\/uploads\/2020\/04\/Casteu-Trophy-master-media-lab.jpg?resize=300%2C169&amp;ssl=1 300w, https:\/\/i0.wp.com\/mastermedialab.com\/wp-content\/uploads\/2020\/04\/Casteu-Trophy-master-media-lab.jpg?resize=1024%2C576&amp;ssl=1 1024w, https:\/\/i0.wp.com\/mastermedialab.com\/wp-content\/uploads\/2020\/04\/Casteu-Trophy-master-media-lab.jpg?resize=768%2C432&amp;ssl=1 768w, https:\/\/i0.wp.com\/mastermedialab.com\/wp-content\/uploads\/2020\/04\/Casteu-Trophy-master-media-lab.jpg?resize=1536%2C864&amp;ssl=1 1536w, https:\/\/i0.wp.com\/mastermedialab.com\/wp-content\/uploads\/2020\/04\/Casteu-Trophy-master-media-lab.jpg?resize=1612%2C907&amp;ssl=1 1612w, https:\/\/i0.wp.com\/mastermedialab.com\/wp-content\/uploads\/2020\/04\/Casteu-Trophy-master-media-lab.jpg?resize=1116%2C628&amp;ssl=1 1116w, https:\/\/i0.wp.com\/mastermedialab.com\/wp-content\/uploads\/2020\/04\/Casteu-Trophy-master-media-lab.jpg?resize=806%2C453&amp;ssl=1 806w, https:\/\/i0.wp.com\/mastermedialab.com\/wp-content\/uploads\/2020\/04\/Casteu-Trophy-master-media-lab.jpg?resize=558%2C314&amp;ssl=1 558w, https:\/\/i0.wp.com\/mastermedialab.com\/wp-content\/uploads\/2020\/04\/Casteu-Trophy-master-media-lab.jpg?resize=655%2C368&amp;ssl=1 655w, https:\/\/i0.wp.com\/mastermedialab.com\/wp-content\/uploads\/2020\/04\/Casteu-Trophy-master-media-lab.jpg?resize=820%2C461&amp;ssl=1 820w\" sizes=\"auto, (max-width: 945px) 100vw, 945px\" \/><\/div><\/div><div class=\"vc_item\"><div class=\"vc_inner\"><img loading=\"lazy\" decoding=\"async\" width=\"1920\" height=\"1080\" src=\"https:\/\/i0.wp.com\/mastermedialab.com\/wp-content\/uploads\/2020\/04\/Casteu-Trophy-3-master-media-lab.jpg?fit=1920%2C1080&amp;ssl=1\" class=\"attachment-full\" alt=\"\" title=\"Casteu Trophy 3 - master media lab\" srcset=\"https:\/\/i0.wp.com\/mastermedialab.com\/wp-content\/uploads\/2020\/04\/Casteu-Trophy-3-master-media-lab.jpg?w=1920&amp;ssl=1 1920w, https:\/\/i0.wp.com\/mastermedialab.com\/wp-content\/uploads\/2020\/04\/Casteu-Trophy-3-master-media-lab.jpg?resize=300%2C169&amp;ssl=1 300w, https:\/\/i0.wp.com\/mastermedialab.com\/wp-content\/uploads\/2020\/04\/Casteu-Trophy-3-master-media-lab.jpg?resize=1024%2C576&amp;ssl=1 1024w, https:\/\/i0.wp.com\/mastermedialab.com\/wp-content\/uploads\/2020\/04\/Casteu-Trophy-3-master-media-lab.jpg?resize=768%2C432&amp;ssl=1 768w, https:\/\/i0.wp.com\/mastermedialab.com\/wp-content\/uploads\/2020\/04\/Casteu-Trophy-3-master-media-lab.jpg?resize=1536%2C864&amp;ssl=1 1536w, https:\/\/i0.wp.com\/mastermedialab.com\/wp-content\/uploads\/2020\/04\/Casteu-Trophy-3-master-media-lab.jpg?resize=1612%2C907&amp;ssl=1 1612w, https:\/\/i0.wp.com\/mastermedialab.com\/wp-content\/uploads\/2020\/04\/Casteu-Trophy-3-master-media-lab.jpg?resize=1116%2C628&amp;ssl=1 1116w, https:\/\/i0.wp.com\/mastermedialab.com\/wp-content\/uploads\/2020\/04\/Casteu-Trophy-3-master-media-lab.jpg?resize=806%2C453&amp;ssl=1 806w, https:\/\/i0.wp.com\/mastermedialab.com\/wp-content\/uploads\/2020\/04\/Casteu-Trophy-3-master-media-lab.jpg?resize=558%2C314&amp;ssl=1 558w, https:\/\/i0.wp.com\/mastermedialab.com\/wp-content\/uploads\/2020\/04\/Casteu-Trophy-3-master-media-lab.jpg?resize=655%2C368&amp;ssl=1 655w, https:\/\/i0.wp.com\/mastermedialab.com\/wp-content\/uploads\/2020\/04\/Casteu-Trophy-3-master-media-lab.jpg?resize=820%2C461&amp;ssl=1 820w\" sizes=\"auto, (max-width: 945px) 100vw, 945px\" \/><\/div><\/div><div class=\"vc_item\"><div class=\"vc_inner\"><img loading=\"lazy\" decoding=\"async\" width=\"1920\" height=\"1080\" src=\"https:\/\/i0.wp.com\/mastermedialab.com\/wp-content\/uploads\/2020\/04\/Casteu-Trophy-2-master-media-lab.jpg?fit=1920%2C1080&amp;ssl=1\" class=\"attachment-full\" alt=\"\" title=\"Casteu Trophy 2 - master media lab\" srcset=\"https:\/\/i0.wp.com\/mastermedialab.com\/wp-content\/uploads\/2020\/04\/Casteu-Trophy-2-master-media-lab.jpg?w=1920&amp;ssl=1 1920w, https:\/\/i0.wp.com\/mastermedialab.com\/wp-content\/uploads\/2020\/04\/Casteu-Trophy-2-master-media-lab.jpg?resize=300%2C169&amp;ssl=1 300w, https:\/\/i0.wp.com\/mastermedialab.com\/wp-content\/uploads\/2020\/04\/Casteu-Trophy-2-master-media-lab.jpg?resize=1024%2C576&amp;ssl=1 1024w, https:\/\/i0.wp.com\/mastermedialab.com\/wp-content\/uploads\/2020\/04\/Casteu-Trophy-2-master-media-lab.jpg?resize=768%2C432&amp;ssl=1 768w, https:\/\/i0.wp.com\/mastermedialab.com\/wp-content\/uploads\/2020\/04\/Casteu-Trophy-2-master-media-lab.jpg?resize=1536%2C864&amp;ssl=1 1536w, https:\/\/i0.wp.com\/mastermedialab.com\/wp-content\/uploads\/2020\/04\/Casteu-Trophy-2-master-media-lab.jpg?resize=1612%2C907&amp;ssl=1 1612w, https:\/\/i0.wp.com\/mastermedialab.com\/wp-content\/uploads\/2020\/04\/Casteu-Trophy-2-master-media-lab.jpg?resize=1116%2C628&amp;ssl=1 1116w, https:\/\/i0.wp.com\/mastermedialab.com\/wp-content\/uploads\/2020\/04\/Casteu-Trophy-2-master-media-lab.jpg?resize=806%2C453&amp;ssl=1 806w, https:\/\/i0.wp.com\/mastermedialab.com\/wp-content\/uploads\/2020\/04\/Casteu-Trophy-2-master-media-lab.jpg?resize=558%2C314&amp;ssl=1 558w, https:\/\/i0.wp.com\/mastermedialab.com\/wp-content\/uploads\/2020\/04\/Casteu-Trophy-2-master-media-lab.jpg?resize=655%2C368&amp;ssl=1 655w, https:\/\/i0.wp.com\/mastermedialab.com\/wp-content\/uploads\/2020\/04\/Casteu-Trophy-2-master-media-lab.jpg?resize=820%2C461&amp;ssl=1 820w\" sizes=\"auto, (max-width: 945px) 100vw, 945px\" \/><\/div><\/div><\/div><\/div><\/div><a class=\"vc_left vc_carousel-control\" href=\"#vc_images-carousel-1-1776961102\" data-slide=\"prev\"><span class=\"icon-prev\"><\/span><\/a><a class=\"vc_right vc_carousel-control\" href=\"#vc_images-carousel-1-1776961102\" data-slide=\"next\"><span class=\"icon-next\"><\/span><\/a><\/div><\/div><\/div>\n\t<div class=\"wpb_text_column wpb_content_element post-formatting\" >\n\t\t<div class=\"wpb_wrapper\">\n\t\t\t<div class=\"epyt-video-wrapper\"><iframe loading=\"lazy\"  id=\"_ytid_55460\"  width=\"945\" height=\"532\"  data-origwidth=\"945\" data-origheight=\"532\" src=\"https:\/\/www.youtube.com\/embed\/DQQt7HtedQI?enablejsapi=1&autoplay=0&cc_load_policy=0&cc_lang_pref=&iv_load_policy=1&loop=1&playlist=DQQt7HtedQI&rel=-1&fs=1&playsinline=1&autohide=2&theme=dark&color=red&controls=1&disablekb=0&\" class=\"__youtube_prefs__  no-lazyload\" data-vol=\"0\"  data-epautoplay=\"1\"  title=\"YouTube player\"  allow=\"fullscreen; accelerometer; autoplay; clipboard-write; encrypted-media; gyroscope; picture-in-picture; web-share\" referrerpolicy=\"strict-origin-when-cross-origin\" allowfullscreen data-no-lazy=\"1\" data-skipgform_ajax_framebjll=\"\"><\/iframe><\/div>\n\n\t\t<\/div>\n\t<\/div>\n<\/div><\/div><\/div><div class=\"wpb_column vc_column_container vc_col-sm-6\"><div class=\"vc_column-inner\"><div class=\"wpb_wrapper\"><div id=\"scrollbox-569212\" class=\"lab-scroll-box   vc_custom_1587544599149\" data-height=\"492\">\n\t\n\t<div class=\"lab-scroll-box-content\" style=\"max-height: 492px;\">\n\t\t\n\t\t<\/p>\n<h3>Les R\u00e9sultats<\/h3>\n<p class=\"translation-block\">Le after movie a atteint plus de 4000 vues et plus de 60 partages sur Facebook. La page Facebook officielle du Casteu Trophy a doubl\u00e9 en nombre de likes pendant l\u2019\u00e9v\u00e9nement.<\/p>\n<p><a href=\"https:\/\/mastermedialab.com\/fr\/contact\/\">Int\u00e9ress\u00e9 par la photographie \u00e9v\u00e9nementielle? Allez commen\u00e7ons!<\/a><\/p>\n\t\t\n\t<\/div>\n\t\n<\/div><div class=\"vc_empty_space\"   style=\"height: 32px\"><span class=\"vc_empty_space_inner\"><\/span><\/div><div class=\"section-title\">\n    <h1>Parlons de votre prochain projet.<\/h1>\n<\/div><div class=\"lab-contact-form contact-form\">\n\n\t<form action=\"\" method=\"post\" class=\"contact-form\" id=\"el_69ea464e1b955\" data-alerts=\"0\" data-alerts-msg=\"Please fill &quot;%&quot; field.\" data-privacy-error-msg=\"You must check privacy policy checkbox in order to submit the form.\" novalidate data-trp-original-action=\"\">\n\n\t\t<div class=\"row\">\n\n    \t\t<div class=\"col-sm-6\">\n\t\t\t\t<div class=\"form-group labeled-input-row\">\n\t\t\t\t\t\t\t\t\t\t<label for=\"el_69ea464e1b955_name\">Pr\u00e9nom\/Nom :<\/label>\n\t\t\t\t\t\t\t\t\t\t<input name=\"name\" id=\"el_69ea464e1b955_name\" type=\"text\" placeholder=\"\" data-label=\"Name\">\n\t\t\t\t<\/div>\n    \t\t<\/div>\n\n\t\t\t<div class=\"col-sm-6\">\n\t\t\t\t<div class=\"form-group labeled-input-row\">\n\t\t\t\t\t\t\t\t\t\t<label for=\"el_69ea464e1b955_email\">Email :<\/label>\n\t\t\t\t\t\t\t\t\t\t<input name=\"email\" id=\"el_69ea464e1b955_email\" type=\"email\" placeholder=\"\" data-label=\"Email\">\n\t\t\t\t<\/div>\n\t\t\t<\/div>\n\n\t\t\t\n\t\t\t<div class=\"col-sm-12\">\n\t\t\t\t<div class=\"form-group labeled-textarea-row\">\n\t\t\t\t\t\t\t\t\t\t<label for=\"el_69ea464e1b955_message\">Votre Message :<\/label>\n\t\t\t\t\t\t\t\t\t\t<textarea name=\"message\" id=\"el_69ea464e1b955_message\" placeholder=\"\" data-label=\"Message\"><\/textarea>\n\t\t\t\t<\/div>\n\t\t\t<\/div>\n\n\t\t<\/div><!-- row -->\n\n\t\t\t\t\t<div class=\"form-group contact-form-recaptcha\">\n\n\t\t\t\t\n\t\t\t<\/div>\n\t\t\n\t\t\n\t\t<button type=\"submit\" name=\"send\" class=\"button\">\n\t\t\t<span class=\"pre-submit\">Envoyer<\/span>\n\t\t\t<span class=\"success-msg\">Merci #, message envoy\u00e9 ! <i class=\"flaticon-verification24\"><\/i><\/span>\n\t\t\t<span class=\"loading-bar\">\n\t\t\t\t<span><\/span>\n\t\t\t<\/span>\n\t\t<\/button>\n\n\t<input type=\"hidden\" name=\"trp-form-language\" value=\"fr\"\/><\/form>\n\n<\/div><\/div><\/div><\/div><\/div><\/div><div class=\"vc-row-container container\"><div class=\"vc_row wpb_row vc_row-fluid\"><div class=\"wpb_column vc_column_container vc_col-sm-6\"><div class=\"vc_column-inner\"><div class=\"wpb_wrapper\"><\/div><\/div><\/div><div class=\"wpb_column vc_column_container vc_col-sm-6\"><div class=\"vc_column-inner\"><div class=\"wpb_wrapper\"><\/div><\/div><\/div><\/div><\/div><div class=\"vc-row-container container\"><div class=\"vc_row wpb_row vc_row-fluid\"><div class=\"wpb_column vc_column_container vc_col-sm-12\"><div class=\"vc_column-inner\"><div class=\"wpb_wrapper\"><\/div><\/div><\/div><\/div><\/div>\n<\/div>","protected":false},"excerpt":{"rendered":"Casteu Trophy. Objective : Photograph and film the first edition of the Casteu Trophy in Erfoud, Morocco. The Results The after movie reached more than 4,000 views and 60+ shares on Facebook. The official Casteu Trophy Facebook page doubled in page likes during the event. Interested in Event Photography ? Let&#8217;s get in touch. Let&#039;s&hellip;","protected":false},"author":1,"featured_media":0,"parent":2222,"menu_order":0,"comment_status":"open","ping_status":"open","template":"","meta":{"_acf_changed":false,"nf_dc_page":"","footnotes":""},"class_list":["post-4765","page","type-page","status-publish","hentry"],"acf":[],"yoast_head":"<!-- This site is optimized with the Yoast SEO plugin v27.4 - https:\/\/yoast.com\/product\/yoast-seo-wordpress\/ -->\n<title>Casteu Trophy - Master Media Lab<\/title>\n<meta name=\"robots\" content=\"index, follow, max-snippet:-1, max-image-preview:large, max-video-preview:-1\" \/>\n<link rel=\"canonical\" href=\"https:\/\/mastermedialab.com\/fr\/our-references\/casteu-trophy\/\" \/>\n<meta property=\"og:locale\" content=\"fr_FR\" \/>\n<meta property=\"og:type\" content=\"article\" \/>\n<meta property=\"og:title\" content=\"Casteu Trophy - Master Media Lab\" \/>\n<meta property=\"og:url\" content=\"https:\/\/mastermedialab.com\/fr\/our-references\/casteu-trophy\/\" \/>\n<meta property=\"og:site_name\" content=\"Master Media Lab\" \/>\n<meta property=\"article:modified_time\" content=\"2020-04-22T08:59:20+00:00\" \/>\n<meta property=\"og:image\" content=\"https:\/\/i0.wp.com\/mastermedialab.com\/wp-content\/uploads\/2020\/01\/mml-facebook-thumbnail.jpg?fit=600%2C314&ssl=1\" \/>\n\t<meta property=\"og:image:width\" content=\"600\" \/>\n\t<meta property=\"og:image:height\" content=\"314\" \/>\n\t<meta property=\"og:image:type\" content=\"image\/jpeg\" \/>\n<meta name=\"twitter:card\" content=\"summary_large_image\" \/>\n<meta name=\"twitter:label1\" content=\"Dur\u00e9e de lecture estim\u00e9e\" \/>\n\t<meta name=\"twitter:data1\" content=\"1 minute\" \/>\n<script type=\"application\/ld+json\" class=\"yoast-schema-graph\">{\"@context\":\"https:\\\/\\\/schema.org\",\"@graph\":[{\"@type\":\"WebPage\",\"@id\":\"https:\\\/\\\/mastermedialab.com\\\/fr\\\/our-references\\\/casteu-trophy\\\/\",\"url\":\"https:\\\/\\\/mastermedialab.com\\\/fr\\\/our-references\\\/casteu-trophy\\\/\",\"name\":\"Casteu Trophy - Master Media Lab\",\"isPartOf\":{\"@id\":\"https:\\\/\\\/mastermedialab.com\\\/#website\"},\"datePublished\":\"2020-04-22T08:46:20+00:00\",\"dateModified\":\"2020-04-22T08:59:20+00:00\",\"breadcrumb\":{\"@id\":\"https:\\\/\\\/mastermedialab.com\\\/fr\\\/our-references\\\/casteu-trophy\\\/#breadcrumb\"},\"inLanguage\":\"fr-FR\",\"potentialAction\":[{\"@type\":\"ReadAction\",\"target\":[\"https:\\\/\\\/mastermedialab.com\\\/fr\\\/our-references\\\/casteu-trophy\\\/\"]}]},{\"@type\":\"BreadcrumbList\",\"@id\":\"https:\\\/\\\/mastermedialab.com\\\/fr\\\/our-references\\\/casteu-trophy\\\/#breadcrumb\",\"itemListElement\":[{\"@type\":\"ListItem\",\"position\":1,\"name\":\"Home\",\"item\":\"https:\\\/\\\/mastermedialab.com\\\/\"},{\"@type\":\"ListItem\",\"position\":2,\"name\":\"Our References\",\"item\":\"https:\\\/\\\/mastermedialab.com\\\/our-references\\\/\"},{\"@type\":\"ListItem\",\"position\":3,\"name\":\"Casteu Trophy\"}]},{\"@type\":\"WebSite\",\"@id\":\"https:\\\/\\\/mastermedialab.com\\\/#website\",\"url\":\"https:\\\/\\\/mastermedialab.com\\\/\",\"name\":\"Master Media Lab\",\"description\":\"Sp\u00e9cialistes de la communication visuelle\",\"potentialAction\":[{\"@type\":\"SearchAction\",\"target\":{\"@type\":\"EntryPoint\",\"urlTemplate\":\"https:\\\/\\\/mastermedialab.com\\\/?s={search_term_string}\"},\"query-input\":{\"@type\":\"PropertyValueSpecification\",\"valueRequired\":true,\"valueName\":\"search_term_string\"}}],\"inLanguage\":\"fr-FR\"}]}<\/script>\n<!-- \/ Yoast SEO plugin. -->","yoast_head_json":{"title":"Casteu Trophy - Master Media Lab","robots":{"index":"index","follow":"follow","max-snippet":"max-snippet:-1","max-image-preview":"max-image-preview:large","max-video-preview":"max-video-preview:-1"},"canonical":"https:\/\/mastermedialab.com\/fr\/our-references\/casteu-trophy\/","og_locale":"fr_FR","og_type":"article","og_title":"Casteu Trophy - Master Media Lab","og_url":"https:\/\/mastermedialab.com\/fr\/our-references\/casteu-trophy\/","og_site_name":"Master Media Lab","article_modified_time":"2020-04-22T08:59:20+00:00","og_image":[{"width":600,"height":314,"url":"https:\/\/i0.wp.com\/mastermedialab.com\/wp-content\/uploads\/2020\/01\/mml-facebook-thumbnail.jpg?fit=600%2C314&ssl=1","type":"image\/jpeg"}],"twitter_card":"summary_large_image","twitter_misc":{"Dur\u00e9e de lecture estim\u00e9e":"1 minute"},"schema":{"@context":"https:\/\/schema.org","@graph":[{"@type":"WebPage","@id":"https:\/\/mastermedialab.com\/fr\/our-references\/casteu-trophy\/","url":"https:\/\/mastermedialab.com\/fr\/our-references\/casteu-trophy\/","name":"Casteu Trophy - Master Media Lab","isPartOf":{"@id":"https:\/\/mastermedialab.com\/#website"},"datePublished":"2020-04-22T08:46:20+00:00","dateModified":"2020-04-22T08:59:20+00:00","breadcrumb":{"@id":"https:\/\/mastermedialab.com\/fr\/our-references\/casteu-trophy\/#breadcrumb"},"inLanguage":"fr-FR","potentialAction":[{"@type":"ReadAction","target":["https:\/\/mastermedialab.com\/fr\/our-references\/casteu-trophy\/"]}]},{"@type":"BreadcrumbList","@id":"https:\/\/mastermedialab.com\/fr\/our-references\/casteu-trophy\/#breadcrumb","itemListElement":[{"@type":"ListItem","position":1,"name":"Home","item":"https:\/\/mastermedialab.com\/"},{"@type":"ListItem","position":2,"name":"Our References","item":"https:\/\/mastermedialab.com\/our-references\/"},{"@type":"ListItem","position":3,"name":"Casteu Trophy"}]},{"@type":"WebSite","@id":"https:\/\/mastermedialab.com\/#website","url":"https:\/\/mastermedialab.com\/","name":"Master Media Lab","description":"Sp\u00e9cialistes de la communication visuelle","potentialAction":[{"@type":"SearchAction","target":{"@type":"EntryPoint","urlTemplate":"https:\/\/mastermedialab.com\/?s={search_term_string}"},"query-input":{"@type":"PropertyValueSpecification","valueRequired":true,"valueName":"search_term_string"}}],"inLanguage":"fr-FR"}]}},"jetpack_sharing_enabled":true,"_links":{"self":[{"href":"https:\/\/mastermedialab.com\/fr\/wp-json\/wp\/v2\/pages\/4765","targetHints":{"allow":["GET"]}}],"collection":[{"href":"https:\/\/mastermedialab.com\/fr\/wp-json\/wp\/v2\/pages"}],"about":[{"href":"https:\/\/mastermedialab.com\/fr\/wp-json\/wp\/v2\/types\/page"}],"author":[{"embeddable":true,"href":"https:\/\/mastermedialab.com\/fr\/wp-json\/wp\/v2\/users\/1"}],"replies":[{"embeddable":true,"href":"https:\/\/mastermedialab.com\/fr\/wp-json\/wp\/v2\/comments?post=4765"}],"version-history":[{"count":3,"href":"https:\/\/mastermedialab.com\/fr\/wp-json\/wp\/v2\/pages\/4765\/revisions"}],"predecessor-version":[{"id":4781,"href":"https:\/\/mastermedialab.com\/fr\/wp-json\/wp\/v2\/pages\/4765\/revisions\/4781"}],"up":[{"embeddable":true,"href":"https:\/\/mastermedialab.com\/fr\/wp-json\/wp\/v2\/pages\/2222"}],"wp:attachment":[{"href":"https:\/\/mastermedialab.com\/fr\/wp-json\/wp\/v2\/media?parent=4765"}],"curies":[{"name":"wp","href":"https:\/\/api.w.org\/{rel}","templated":true}]}}